{"id":31,"date":"2023-03-07T11:29:28","date_gmt":"2023-03-07T11:29:28","guid":{"rendered":"https:\/\/ruck-edv.de\/?page_id=31"},"modified":"2023-03-07T12:11:30","modified_gmt":"2023-03-07T12:11:30","slug":"wir-ueber-uns","status":"publish","type":"page","link":"https:\/\/ruck-edv.de\/?page_id=31","title":{"rendered":"Wir \u00fcber uns"},"content":{"rendered":"\n<p>Die Ruck EDV GmbH wurde 1991 zun\u00e4chst als reines IT Dienstleistungsunternehmen mit Firmensitz in Merdingen nahe Freiburg i.Br. gegr\u00fcndet.<\/p>\n\n\n\n<p>Ziel unserer Firma ist es, f\u00fcr Unternehmen ein kompetenter und umfassender Partner im IT Bereich zu sein.<\/p>\n\n\n\n<p>Unser Spektrum umfasst die Bereiche IT Dienstleistung, Hardware- und Softwarevertrieb.<\/p>\n\n\n\n<p>Eine Fokussierung unserer Firma liegt im Bereich  Netzwerke, speziell auch in heterogenen Umgebungen.<\/p>\n\n\n\n<p>Besondere Erfahrungen liegen uns bei der Einf\u00fchrung und Implementierung von virtualisierten Servern mit VMware, Active Directory, Microsoft Exchange, Dokumenten Management Systemen und Datenbankanwendungen vor.<\/p>\n\n\n\n<p>Wir realisieren f\u00fcr unsere Kunden einerseits L\u00f6sungen mit Standard-Produkten, andererseits f\u00fchren wir komplexe Projekte mit individuellen Anpassungen durch.<strong> <\/strong><\/p>\n\n\n\n<p><strong>Dienstleistungen<\/strong><\/p>\n\n\n\n<ul class=\"wp-block-list\">\n<li>Beratung und Konzeption<\/li>\n\n\n\n<li>Realisierung und Installation<\/li>\n\n\n\n<li>Unterst\u00fctzung, Wartung und technischer Support<\/li>\n\n\n\n<li>Probleml\u00f6sung<\/li>\n\n\n\n<li>Schulung<\/li>\n<\/ul>\n\n\n\n<p>Im Einzelnen unterst\u00fctzen wir folgende Systeme und Umgebungen:<\/p>\n\n\n\n<ul class=\"wp-block-list\">\n<li>Lokale Netzwerke unter Microsoft Windows Server<\/li>\n\n\n\n<li>Netzwerk Security: Firewall, VPN Verbindungen und Virenschutz<\/li>\n\n\n\n<li>Server-Client Datenbanksysteme<\/li>\n\n\n\n<li>Internet\/Intranet Server und Ihre Pr\u00e4senz im Internet<\/li>\n\n\n\n<li>Standardsoftware f\u00fcr Textverarbeitung, Tabellenkalkulation, Datenbanken, B\u00fcrokommunikation mit Mail, Fax, Termin- und Projektverwaltung, Auftragsbearbeitung<\/li>\n\n\n\n<li>Systemunterst\u00fctzung f\u00fcr spezielle Applikationen<\/li>\n\n\n\n<li>Systemunterst\u00fctzung f\u00fcr aktuelle Client Betriebssysteme von Microsoft<\/li>\n\n\n\n<li>Wartungsvertr\u00e4ge f\u00fcr Hardware, Garantieverl\u00e4ngerungen<\/li>\n<\/ul>\n\n\n\n<p><strong>Vertrieb von Hardware und Software<\/strong><\/p>\n\n\n\n<p>Unsere Kunden w\u00fcnschen h\u00e4ufig Produkte und Dienstleistungen aus einer Hand. Aus diesem Grunde bieten wir neben dem Service eine umfangreiche Palette von Markenprodukten an.<\/p>\n\n\n\n<p>Unser Hauptkriterium bei der Hardware ist Qualit\u00e4t und Zuverl\u00e4ssigkeit. Auch die Integration in bestehende und zuk\u00fcnftige Umgebungen sind wichtige Auswahlkriterien.<\/p>\n\n\n\n<p>Wir wollen die Produkte nicht nur verkaufen, sondern gew\u00e4hren auch im Nachhinein eine kompetente Unterst\u00fctzung. Auch beschaffen wir Ihnen Ersatzteile und Zubeh\u00f6r. Selbstverst\u00e4ndlich ist eine Reparatur- oder Gew\u00e4hrleistungsabwicklung \u00fcber uns m\u00f6glich.<\/p>\n\n\n\n<p>Generell versuchen wir unser Vertriebsprogramm auf bew\u00e4hrte Systeme des Marktes zu begrenzen. Wir k\u00f6nnen Ihnen aber selbstverst\u00e4ndlich auch alle anderen Markenprodukte \u00fcber unsere zuverl\u00e4ssigen Distributoren besorgen.<\/p>\n\n\n\n<p>F\u00fcr die <strong>Hardware<\/strong> setzen wir Komponenten von namhaften Herstellern ein: APC, AVM, Fujitsu, Hewlett Packard, Iiyama, Intel, Kingston, Lancom, Lexmark, Matrox, Netgear, QNAP, Samsung,  Sony, Tandberg, Toshiba etc.<\/p>\n\n\n\n<p>Wir bieten Ihnen optimale Unterst\u00fctzung bei der Auswahl der Produkte, bei der Implementierung der Systeme in Ihre IT Umgebung und der anschlie\u00dfenden Betreuung. <\/p>\n\n\n\n<p>Im <strong>Softwarebereich <\/strong>setzen wir bevorzugt die Produkte von Microsoft, f\u00fcr die Virtualisierung VMware und f\u00fcr Backup L\u00f6sungen Veeam ein.<\/p>\n\n\n\n<p><strong>Schulungen<\/strong><\/p>\n\n\n\n<p>Zur Erg\u00e4nzung des Dienstleistungsbereiches bieten wir unseren Firmenkunden  <strong>Schulungen<\/strong> an.<\/p>\n","protected":false},"excerpt":{"rendered":"<p>Die Ruck EDV GmbH wurde 1991 zun\u00e4chst als reines IT Dienstleistungsunternehmen mit Firmensitz in Merdingen nahe Freiburg i.Br. gegr\u00fcndet. Ziel unserer Firma ist es, f\u00fcr Unternehmen ein kompetenter und umfassender Partner im IT Bereich zu sein. Unser Spektrum umfasst die Bereiche IT Dienstleistung, Hardware- und Softwarevertrieb. Eine Fokussierung unserer Firma liegt im Bereich Netzwerke, speziell &hellip; <\/p>\n<p class=\"link-more\"><a href=\"https:\/\/ruck-edv.de\/?page_id=31\" class=\"more-link\"><span class=\"screen-reader-text\">\u201eWir \u00fcber uns\u201c <\/span>weiterlesen<\/a><\/p>\n","protected":false},"author":1,"featured_media":0,"parent":0,"menu_order":0,"comment_status":"closed","ping_status":"closed","template":"","meta":{"footnotes":""},"class_list":["post-31","page","type-page","status-publish","hentry"],"_links":{"self":[{"href":"https:\/\/ruck-edv.de\/index.php?rest_route=\/wp\/v2\/pages\/31","targetHints":{"allow":["GET"]}}],"collection":[{"href":"https:\/\/ruck-edv.de\/index.php?rest_route=\/wp\/v2\/pages"}],"about":[{"href":"https:\/\/ruck-edv.de\/index.php?rest_route=\/wp\/v2\/types\/page"}],"author":[{"embeddable":true,"href":"https:\/\/ruck-edv.de\/index.php?rest_route=\/wp\/v2\/users\/1"}],"replies":[{"embeddable":true,"href":"https:\/\/ruck-edv.de\/index.php?rest_route=%2Fwp%2Fv2%2Fcomments&post=31"}],"version-history":[{"count":4,"href":"https:\/\/ruck-edv.de\/index.php?rest_route=\/wp\/v2\/pages\/31\/revisions"}],"predecessor-version":[{"id":44,"href":"https:\/\/ruck-edv.de\/index.php?rest_route=\/wp\/v2\/pages\/31\/revisions\/44"}],"wp:attachment":[{"href":"https:\/\/ruck-edv.de\/index.php?rest_route=%2Fwp%2Fv2%2Fmedia&parent=31"}],"curies":[{"name":"wp","href":"https:\/\/api.w.org\/{rel}","templated":true}]}}